{"id":24,"date":"2012-07-12T12:52:07","date_gmt":"2012-07-12T12:52:07","guid":{"rendered":"http:\/\/an-boekman.com\/?page_id=24"},"modified":"2019-09-11T19:17:23","modified_gmt":"2019-09-11T17:17:23","slug":"choreografie","status":"publish","type":"page","link":"https:\/\/an-boekman.com\/?page_id=24","title":{"rendered":"Choreografie"},"content":{"rendered":"\n<a href=\"http:\/\/an-boekman.com\/wp-content\/uploads\/2012\/07\/an_021.jpg\" data-rel=\"lightbox-image-0\" data-rl_title=\"\" data-rl_caption=\"\" title=\"\"><img loading=\"lazy\" decoding=\"async\" class=\"wp-image-223 alignleft\" style=\"margin-right: 10px; margin-bottom: 10px;\" title=\"an_02\" src=\"https:\/\/an-boekman.com\/wp-content\/uploads\/2012\/07\/an_021.jpg\" alt=\"\" width=\"234\" height=\"378\" srcset=\"https:\/\/an-boekman.com\/wp-content\/uploads\/2012\/07\/an_021.jpg 557w, https:\/\/an-boekman.com\/wp-content\/uploads\/2012\/07\/an_021-185x300.jpg 185w, https:\/\/an-boekman.com\/wp-content\/uploads\/2012\/07\/an_021-320x517.jpg 320w\" sizes=\"(max-width: 234px) 100vw, 234px\" \/><\/a>\n<p style=\"font-weight: 400;\">Was steigert die Qualit\u00e4t eines St\u00fcckes, intensiviert das Erlebnis f\u00fcr die Zuschauenden? Wo liegt der Unterschied zwischen professionellen T\u00e4nzer\/innen auf der B\u00fchne und 5-j\u00e4hrigen bei ihrem ersten Auftritt? Ist es jetzt einerseits die \u201eHohe Kunst\u201c, sich an ein Jahrhundertwerk von Strawinsky heranzuwagen und andererseits die \u201eNicht- Kunst\u201c einen Tanz f\u00fcr Vorschulkinder zu entwerfen? An den Prinzipien, die grunds\u00e4tzlich eine Herausforderung ausmachen, \u00e4ndert sich nichts. Ich bewege mich einfach nur auf verschiedenen Ebenen. Eine choreografische Sch\u00f6pfung kann einen Akt des \u00dcberlebens bedeuten oder sie ist gemacht f\u00fcr den Moment, in dem junge T\u00e4nzer*innen \u00fcber den ganzen K\u00f6rper strahlen vor Begeisterung \u00fcber sich selbst und ihr St\u00fcck. Meine Arbeit am Entwurf und die Aufmerksamkeit im Entwicklungsprozess unterscheiden sich nicht auf diesen Ebenen. Meine selbst aufgestellten Regeln variieren nicht durch die Fallh\u00f6he des Anspruches. Es steigert den intellektuellen Genuss, wenn St\u00fccke mit einer \u00fcberraschenden Struktur oder auch mit einer intelligent durchdachten Befreiung von der Form beeindrucken k\u00f6nnen. Verbindet sich dar\u00fcber hinaus eine Energie (eine kraftvolle, ber\u00fchrende, sanfte, fassungslos machende, Schrecken verursachende oder stille \u2013 ganz egal) mit mir als zuschauendem Menschen kann es diesen perfekten Moment geben. F\u00fcr alle: gleicherma\u00dfen f\u00fcr das diskursiv gest\u00e4hlte Fachpublikum und diejenigen, die sich zum allerersten Mal in einem Theater wiederfinden. In diesem besten aller theatralen Momente treffen sich Zuschauende und Darsteller*innen in einem Zirkelgeschehen. Ein Kreis schlie\u00dft sich. Und weil im wirklichen Leben eine \u00fcbergro\u00dfe Menge schmerzhaft schief gehen kann, h\u00f6re ich nicht auf von diesem einen, kleinen fl\u00fcchtig perfekten Moment zu tr\u00e4umen.<\/p>\n","protected":false},"excerpt":{"rendered":"<p>Was steigert die Qualit\u00e4t eines St\u00fcckes, intensiviert das Erlebnis f\u00fcr die Zuschauenden? Wo liegt der Unterschied zwischen professionellen T\u00e4nzer\/innen auf der B\u00fchne und 5-j\u00e4hrigen bei ihrem ersten Auftritt? Ist es\u2026 <span class=\"read-btn\"><a class=\"read-more\" href=\"https:\/\/an-boekman.com\/?page_id=24\">Read More &rarr;<\/a><\/span><\/p>\n","protected":false},"author":1,"featured_media":0,"parent":0,"menu_order":0,"comment_status":"open","ping_status":"open","template":"","meta":{"footnotes":""},"class_list":["post-24","page","type-page","status-publish","hentry"],"_links":{"self":[{"href":"https:\/\/an-boekman.com\/index.php?rest_route=\/wp\/v2\/pages\/24"}],"collection":[{"href":"https:\/\/an-boekman.com\/index.php?rest_route=\/wp\/v2\/pages"}],"about":[{"href":"https:\/\/an-boekman.com\/index.php?rest_route=\/wp\/v2\/types\/page"}],"author":[{"embeddable":true,"href":"https:\/\/an-boekman.com\/index.php?rest_route=\/wp\/v2\/users\/1"}],"replies":[{"embeddable":true,"href":"https:\/\/an-boekman.com\/index.php?rest_route=%2Fwp%2Fv2%2Fcomments&post=24"}],"version-history":[{"count":26,"href":"https:\/\/an-boekman.com\/index.php?rest_route=\/wp\/v2\/pages\/24\/revisions"}],"predecessor-version":[{"id":693,"href":"https:\/\/an-boekman.com\/index.php?rest_route=\/wp\/v2\/pages\/24\/revisions\/693"}],"wp:attachment":[{"href":"https:\/\/an-boekman.com\/index.php?rest_route=%2Fwp%2Fv2%2Fmedia&parent=24"}],"curies":[{"name":"wp","href":"https:\/\/api.w.org\/{rel}","templated":true}]}}