{"id":31,"date":"2012-07-12T12:53:49","date_gmt":"2012-07-12T12:53:49","guid":{"rendered":"http:\/\/an-boekman.com\/?page_id=31"},"modified":"2019-07-08T12:39:26","modified_gmt":"2019-07-08T10:39:26","slug":"lehrtatigkeit","status":"publish","type":"page","link":"https:\/\/an-boekman.com\/?page_id=31","title":{"rendered":"In eigener Sache"},"content":{"rendered":"<p><a href=\"http:\/\/an-boekman.com\/wp-content\/uploads\/2012\/07\/an_011.jpg\" data-rel=\"lightbox-image-0\" data-rl_title=\"\" data-rl_caption=\"\" title=\"\"><img loading=\"lazy\" decoding=\"async\" class=\" wp-image-222 alignleft\" style=\"margin-right: 10px; margin-bottom: 200px;\" title=\"an_01\" src=\"http:\/\/an-boekman.com\/wp-content\/uploads\/2012\/07\/an_011.jpg\" alt=\"\" width=\"258\" height=\"378\" srcset=\"https:\/\/an-boekman.com\/wp-content\/uploads\/2012\/07\/an_011.jpg 613w, https:\/\/an-boekman.com\/wp-content\/uploads\/2012\/07\/an_011-204x300.jpg 204w, https:\/\/an-boekman.com\/wp-content\/uploads\/2012\/07\/an_011-320x469.jpg 320w\" sizes=\"(max-width: 258px) 100vw, 258px\" \/><\/a><\/p>\n<p>In eigener Sache\u2026.<\/p>\n<p>Als&nbsp; Lehrende verstehe ich jede Unterrichtsstunde, in der ich&nbsp; auf die vielf\u00e4ltigen Energien und unterschiedlichen Bed\u00fcrfnisse einer Gruppe reagiere, als einen erfrischenden Neubeginn.<br \/>\nZun\u00e4chst scheinen sich die zu stellenden Fragen extrem zu unterscheiden:<br \/>\n\u201eSind jetzt Tanzp\u00e4dagogik und Kunst gefragt oder doch eher Sozialarbeit und Jugendgewaltexpertentum?\u201c<br \/>\n\u201e\u00c4hnelt die Unterrichtsatmosph\u00e4re einer \u201eKampfarena\u201c und wenn ja, wo lassen sich R\u00e4ume f\u00fcr Konzentration und Entdeckungsfreude \u00f6ffnen?\u201c<br \/>\nLetzteres sind eher selten Themen, die eine Rolle spielen in Workshops f\u00fcr selber Lehrende auf der Suche nach neuer Inspiration, fortlaufendem Technikunterricht f\u00fcr Erwachsene oder T\u00e4nzer\/innen in der Ausbildung.<br \/>\nBei Kindern und Jugendlichen, die schon entdeckt haben, dass Tanzen f\u00fcr sie ein inneres Bed\u00fcrfnis bedeutet, unterrichte ich ausschlie\u00dflich f\u00fcr den einen Moment, in dem ich die Seele tanzen sehe.<br \/>\nIch glaube an meine Aufgabe eine Atmosph\u00e4re zu kreieren, in der Menschen Lust haben&nbsp; Risiken einzugehen, um die eigene Vitalit\u00e4t, Kraft und Energie zu sp\u00fcren.<br \/>\nManchmal muss ich mich selber und auch andere daran erinnern, dass das Gef\u00fchl des gr\u00f6\u00dften Risikos mit Stille, Ruhe und der ganz kleinen Bewegung verbunden sein kann.<br \/>\nMeine Weitergabe von tanztechnischem Wissen basiert nicht auf der Utopie von Perfektion, sondern auf dem Wunsch einem individuellen K\u00f6rper neue Optionen zu erschlie\u00dfen.<br \/>\nZudem glaube ich daran, dass es meine Aufgabe ist, an das bereits vorhandene K\u00f6rperwissen zu erinnern, etwas zu fordern, was wir scheinbar nicht k\u00f6nnen und das wegzulachen, was wir tats\u00e4chlich nicht k\u00f6nnen.<br \/>\nUnterricht, der eher experimentell &nbsp;improvisatorisch angelegt ist, basiert auf der fragilen Balance von Chaos, Struktur und Freiheit.<br \/>\nDie kreative Spannung zwischen strukturellen Vorgaben und Freiheiten in der individuellen Wahl von Bewegungsmaterial f\u00fchrt zu Choreografien des Augenblicks.<br \/>\nK\u00f6rper in Bewegung erleben Musik und Stille, Gewichtiges und Leichtes, das Au\u00dfergew\u00f6hnliche und das Allt\u00e4gliche, Kontrolle und Hingabe.<br \/>\nIn dieser Bewegung sind wir nicht alleine, wir haben Nachbarn und tanzen mit Anderen im Raum. Es ist sch\u00f6n sich selbst zu sp\u00fcren in der Dynamik und in der Kraft.<br \/>\nZu sp\u00fcren, vertrauensvoll in einer Gruppe agieren zu k\u00f6nnen, ist auch f\u00fcr mich ein ebenb\u00fcrtiger Genuss!<br \/>\n[table id=1 \/]<\/p>\n","protected":false},"excerpt":{"rendered":"<p>In eigener Sache\u2026. Als&nbsp; Lehrende verstehe ich jede Unterrichtsstunde, in der ich&nbsp; auf die vielf\u00e4ltigen Energien und unterschiedlichen Bed\u00fcrfnisse einer Gruppe reagiere, als einen erfrischenden Neubeginn. Zun\u00e4chst scheinen sich die\u2026 <span class=\"read-btn\"><a class=\"read-more\" href=\"https:\/\/an-boekman.com\/?page_id=31\">Read More &rarr;<\/a><\/span><\/p>\n","protected":false},"author":1,"featured_media":0,"parent":0,"menu_order":0,"comment_status":"open","ping_status":"open","template":"","meta":{"footnotes":""},"class_list":["post-31","page","type-page","status-publish","hentry"],"_links":{"self":[{"href":"https:\/\/an-boekman.com\/index.php?rest_route=\/wp\/v2\/pages\/31"}],"collection":[{"href":"https:\/\/an-boekman.com\/index.php?rest_route=\/wp\/v2\/pages"}],"about":[{"href":"https:\/\/an-boekman.com\/index.php?rest_route=\/wp\/v2\/types\/page"}],"author":[{"embeddable":true,"href":"https:\/\/an-boekman.com\/index.php?rest_route=\/wp\/v2\/users\/1"}],"replies":[{"embeddable":true,"href":"https:\/\/an-boekman.com\/index.php?rest_route=%2Fwp%2Fv2%2Fcomments&post=31"}],"version-history":[{"count":37,"href":"https:\/\/an-boekman.com\/index.php?rest_route=\/wp\/v2\/pages\/31\/revisions"}],"predecessor-version":[{"id":416,"href":"https:\/\/an-boekman.com\/index.php?rest_route=\/wp\/v2\/pages\/31\/revisions\/416"}],"wp:attachment":[{"href":"https:\/\/an-boekman.com\/index.php?rest_route=%2Fwp%2Fv2%2Fmedia&parent=31"}],"curies":[{"name":"wp","href":"https:\/\/api.w.org\/{rel}","templated":true}]}}