{"id":52,"date":"2012-07-12T13:55:11","date_gmt":"2012-07-12T11:55:11","guid":{"rendered":"http:\/\/an-boekman.com\/?page_id=52"},"modified":"2019-09-11T19:48:44","modified_gmt":"2019-09-11T17:48:44","slug":"kinder-jugendliche-2","status":"publish","type":"page","link":"https:\/\/an-boekman.com\/?page_id=52","title":{"rendered":"About"},"content":{"rendered":"\n<div class=\"wp-block-image\"><figure class=\"alignleft is-resized\"><img loading=\"lazy\" decoding=\"async\" src=\"https:\/\/an-boekman.com\/wp-content\/uploads\/2019\/07\/IMG_7512-1024x683.jpg\" alt=\"\" class=\"wp-image-496\" width=\"512\" height=\"342\" style=\"margin-bottom:0px;\" srcset=\"https:\/\/an-boekman.com\/wp-content\/uploads\/2019\/07\/IMG_7512-1024x683.jpg 1024w, https:\/\/an-boekman.com\/wp-content\/uploads\/2019\/07\/IMG_7512-300x200.jpg 300w, https:\/\/an-boekman.com\/wp-content\/uploads\/2019\/07\/IMG_7512-768x512.jpg 768w, https:\/\/an-boekman.com\/wp-content\/uploads\/2019\/07\/IMG_7512-600x400.jpg 600w, https:\/\/an-boekman.com\/wp-content\/uploads\/2019\/07\/IMG_7512-940x627.jpg 940w\" sizes=\"(max-width: 512px) 100vw, 512px\" \/><\/figure><\/div>\n\n\n\n<p>An ist Choreografin, Tanzp\u00e4dagogin und Tanzk\u00fcnstlerin.<\/p>\n\n\n\n<p>Sie studierte Theaterwissenschaften in M\u00fcnchen, absolvierte eine Tanz- und P\u00e4dagogikausbildung an der Rubin Academy of Music and Dance in Jerusalem und eine mehrj\u00e4hrige Weiterbildung in modernen Tanztechniken, Komposition und Choreografie an der International School of Dance in NewYork.<br>Als T\u00e4nzerin arbeitete sie u.a. bei der Repertory Company CoDanceCo in New York und Mind the Gap in Wuppertal. Seit 1988 erarbeitet sie eigene St\u00fccke. Ihre Choreografien und Tanzproduktionen entstehen in den unterschiedlichsten Kontexten und sie arbeitet mit allen sie inspirierenden Menschen: Kinder, professionelle T\u00e4nzer*innen, jugendliche Migrant*innen, Lehrer*innen. B\u00fchnen finden sich \u00fcberall: in den klassischen Stadttheatern von Wuppertal, Berlin, Rustavi, Tashkent, in den Schloss Theatern von Rheinsberg oder Potsdam, auf den Treppen der Museen Berlins, in den Kirchen J\u00fcterbogs oder Ribnitz-Damgartens, in den Turnhallen Russlands oder auf den Stra\u00dfen Berlins.<br>Sie hat langj\u00e4hrige Unterrichtserfahrung u.a. in Zeitgen\u00f6ssischem Tanz, Improvisation, Choreografie und leitet europaweit Lehrerfortbildungen, Performanceprojekte und Workshops. Als Workshopleiterin ist sie international gefragt und f\u00fchrte Tanzprojekte in Georgien, Armenien, Usbekistan, Russland und Italien durch. In Kooperationen mit dem Goetheinstitut entwickelte sie Tanzprojekte, Methoden und Choreografien mit dem speziellen Fokus auf&nbsp;der Verbindung von Tanz und Fachunterricht, insbesondere Tanz und Sprachentwicklung f\u00fcr Deutsch als Zweitsprache und Deutsch als Fremdsprache.<\/p>\n\n\n\n<p>(<a href=\"https:\/\/www.goethe.de\/resources\/files\/pdf142\/tanz-2017-web.pdf\" data-saferedirecturl=\"https:\/\/www.google.com\/url?q=https:\/\/www.goethe.de\/resources\/files\/pdf142\/tanz-2017-web.pdf&amp;source=gmail&amp;ust=1566047722746000&amp;usg=AFQjCNEq8yB6bZ5ZYD6rDBaj2kuAb919Pw\">https:\/\/www.goethe.de\/resources\/files\/pdf142\/tanz-2017-web.pdf<\/a>)<\/p>\n\n\n\n<p>Seit 2005 ist sie im K\u00fcnstlerpool von TanzZeit (&nbsp;<a href=\"http:\/\/www.tanzzeit-berlin.de\/\" data-saferedirecturl=\"https:\/\/www.google.com\/url?q=http:\/\/www.tanzzeit-berlin.de&amp;source=gmail&amp;ust=1566047722746000&amp;usg=AFQjCNFbnuLy0s3vVEwuMkXKuLrYttWFVw\">www.tanzzeit-berlin.de<\/a>&nbsp;) und unterrichtet an diversen Berliner Schulen. Von 2012 bis 2016 leitete sie die TanzZeit-Jugendcompany. 2016 \u00fcbernahm sie die k\u00fcnstlerische Leitung des j\u00e4hrlichen TanzZeit-Festivals.&nbsp; Von 2017-2019 war sie Teil des Entwicklungsteam f\u00fcr das Kunstlabor Tanz (&nbsp;<a href=\"http:\/\/www.kunstlabore.de\/\" data-saferedirecturl=\"https:\/\/www.google.com\/url?q=http:\/\/www.kunstlabore.de&amp;source=gmail&amp;ust=1566047722746000&amp;usg=AFQjCNHp-VFz2Re85-iLL3xmEjFXcKvKcw\">www.kunstlabore.de<\/a>), in dessen Rahmen die Webseite<\/p>\n\n\n\n<p>&nbsp;\u201eCalypso\u201c(&nbsp;<a href=\"http:\/\/www.calypso-tanzzeit.de\/\" data-saferedirecturl=\"https:\/\/www.google.com\/url?q=http:\/\/www.calypso-tanzzeit.de&amp;source=gmail&amp;ust=1566047722746000&amp;usg=AFQjCNE4TvR0s92YodhWkFuGZ-9INxrE6w\">www.calypso-tanzzeit.de<\/a>) entstand. Zurzeit ist sie zust\u00e4ndig f\u00fcr die Bereiche Qualit\u00e4tssicherung und Projektentwicklung.<\/p>\n\n\n\n<p>Seit 2013 veranstaltet sie in Kooperation mit TanzZeit und dem Podewil, Berlin das erfolgreiche Tanzevent \u201eClub Oval-Crossover Dancebattle\u201c.<\/p>\n\n\n\n<p>Seit 2002 ist sie 1. Vorstand des Marameo Berlin e.v. (&nbsp;<a href=\"http:\/\/www.marameo.de\/\" data-saferedirecturl=\"https:\/\/www.google.com\/url?q=http:\/\/www.marameo.de&amp;source=gmail&amp;ust=1566047722746000&amp;usg=AFQjCNHIEpBnkDO3uJ-AwL9Fjp3orTI5MA\">www.marameo.de<\/a>&nbsp;), eines Trainingscenters in Berlin Mitte f\u00fcr professionelle T\u00e4nzer*innen, Jugendliche und Tanzbegeisterte.<\/p>\n","protected":false},"excerpt":{"rendered":"<p>An ist Choreografin, Tanzp\u00e4dagogin und Tanzk\u00fcnstlerin. Sie studierte Theaterwissenschaften in M\u00fcnchen, absolvierte eine Tanz- und P\u00e4dagogikausbildung an der Rubin Academy of Music and Dance in Jerusalem und eine mehrj\u00e4hrige Weiterbildung\u2026 <span class=\"read-btn\"><a class=\"read-more\" href=\"https:\/\/an-boekman.com\/?page_id=52\">Read More &rarr;<\/a><\/span><\/p>\n","protected":false},"author":1,"featured_media":0,"parent":0,"menu_order":0,"comment_status":"open","ping_status":"closed","template":"","meta":{"footnotes":""},"class_list":["post-52","page","type-page","status-publish","hentry"],"_links":{"self":[{"href":"https:\/\/an-boekman.com\/index.php?rest_route=\/wp\/v2\/pages\/52"}],"collection":[{"href":"https:\/\/an-boekman.com\/index.php?rest_route=\/wp\/v2\/pages"}],"about":[{"href":"https:\/\/an-boekman.com\/index.php?rest_route=\/wp\/v2\/types\/page"}],"author":[{"embeddable":true,"href":"https:\/\/an-boekman.com\/index.php?rest_route=\/wp\/v2\/users\/1"}],"replies":[{"embeddable":true,"href":"https:\/\/an-boekman.com\/index.php?rest_route=%2Fwp%2Fv2%2Fcomments&post=52"}],"version-history":[{"count":26,"href":"https:\/\/an-boekman.com\/index.php?rest_route=\/wp\/v2\/pages\/52\/revisions"}],"predecessor-version":[{"id":705,"href":"https:\/\/an-boekman.com\/index.php?rest_route=\/wp\/v2\/pages\/52\/revisions\/705"}],"wp:attachment":[{"href":"https:\/\/an-boekman.com\/index.php?rest_route=%2Fwp%2Fv2%2Fmedia&parent=52"}],"curies":[{"name":"wp","href":"https:\/\/api.w.org\/{rel}","templated":true}]}}