{"id":76,"date":"2012-07-12T14:11:24","date_gmt":"2012-07-12T14:11:24","guid":{"rendered":"http:\/\/an-boekman.com\/?page_id=76"},"modified":"2019-08-23T13:50:55","modified_gmt":"2019-08-23T11:50:55","slug":"datenschutz","status":"publish","type":"page","link":"https:\/\/an-boekman.com\/?page_id=76","title":{"rendered":"Datenschutz"},"content":{"rendered":"<div>\n<h4>Datenschutzerkl\u00e4rung<\/h4>\n<\/div>\n<p>Wir nehmen den Schutz Ihrer personenbezogenen Daten sehr ernst und m\u00f6chten, dass Sie wissen, wann wir welche Daten erheben bzw. speichern und wie wir mit ihnen anschlie\u00dfend verfahren. Wir haben technische und organisatorische Ma\u00dfnahmen getroffen, die sicherstellen, dass die Vorschriften \u00fcber den Datenschutz von uns beachten werden.Jeder Zugriff auf unser Portal und jede Nutzung desselbigen f\u00fchrt dazu, dass technische Daten in anonymisierter Form \u00fcber die genutzte IP-Adresse, Datum und Uhrzeit des Zugangs sowie die jeweils besuchten Internetseiten gespeichert werden. Die Speicherung dieser Daten ist aus organisatorischen und technischen Gr\u00fcnden unerl\u00e4sslich. Diese Daten lassen jedoch keine R\u00fcckschl\u00fcsse auf eine individuelle Person zu.<\/p>\n<p>Wir erheben zeitweise, durch Online-Marktforschung, demographische Daten (z. B. Alter und Geschlecht) \u00fcber die Nutzung verschiedener Dienste auf unserem Portal. Diese werden jedoch getrennt von personenbezogenen Informationen unter einem Pseudonym gespeichert und lassen keine R\u00fcckschl\u00fcsse auf Ihre Person zu. Mit dem Sammeln dieser Daten m\u00f6chten wir zum einen Ihnen als Nutzer unseres Portals ma\u00dfgeschneiderte Online-Angebote mit den f\u00fcr Sie relevanten Inhalten und Services zur Verf\u00fcgung stellen. Zum anderen m\u00f6chten wir unseren Anzeigekunden erm\u00f6glichen, die richtige Zielgruppe m\u00f6glichst zielgenau zu erreichen. Indem Sie uns einige Informationen \u00fcber sich mitteilen, k\u00f6nnen wir Ihnen im Gegenzug individuelle Inhalte sowohl in redaktioneller als auch werblicher Hinsicht bieten, und damit den pers\u00f6nlichen Nutzwert innerhalb unserer Online-Angebote f\u00fcr Sie erh\u00f6hen. Durch strikte Trennung von demographischen und personenbezogenen Informationen bleibt der Schutz Ihrer Information gew\u00e4hrleistet.<\/p>\n","protected":false},"excerpt":{"rendered":"<p>Datenschutzerkl\u00e4rung Wir nehmen den Schutz Ihrer personenbezogenen Daten sehr ernst und m\u00f6chten, dass Sie wissen, wann wir welche Daten erheben bzw. speichern und wie wir mit ihnen anschlie\u00dfend verfahren. Wir\u2026 <span class=\"read-btn\"><a class=\"read-more\" href=\"https:\/\/an-boekman.com\/?page_id=76\">Read More &rarr;<\/a><\/span><\/p>\n","protected":false},"author":1,"featured_media":0,"parent":0,"menu_order":0,"comment_status":"open","ping_status":"open","template":"","meta":{"footnotes":""},"class_list":["post-76","page","type-page","status-publish","hentry"],"_links":{"self":[{"href":"https:\/\/an-boekman.com\/index.php?rest_route=\/wp\/v2\/pages\/76"}],"collection":[{"href":"https:\/\/an-boekman.com\/index.php?rest_route=\/wp\/v2\/pages"}],"about":[{"href":"https:\/\/an-boekman.com\/index.php?rest_route=\/wp\/v2\/types\/page"}],"author":[{"embeddable":true,"href":"https:\/\/an-boekman.com\/index.php?rest_route=\/wp\/v2\/users\/1"}],"replies":[{"embeddable":true,"href":"https:\/\/an-boekman.com\/index.php?rest_route=%2Fwp%2Fv2%2Fcomments&post=76"}],"version-history":[{"count":3,"href":"https:\/\/an-boekman.com\/index.php?rest_route=\/wp\/v2\/pages\/76\/revisions"}],"predecessor-version":[{"id":631,"href":"https:\/\/an-boekman.com\/index.php?rest_route=\/wp\/v2\/pages\/76\/revisions\/631"}],"wp:attachment":[{"href":"https:\/\/an-boekman.com\/index.php?rest_route=%2Fwp%2Fv2%2Fmedia&parent=76"}],"curies":[{"name":"wp","href":"https:\/\/api.w.org\/{rel}","templated":true}]}}